{"id":306,"date":"2025-02-19T10:39:46","date_gmt":"2025-02-19T09:39:46","guid":{"rendered":"https:\/\/www.lapetitegalerie.org\/?page_id=306"},"modified":"2025-02-19T11:42:19","modified_gmt":"2025-02-19T10:42:19","slug":"cookies-et-rgpd","status":"publish","type":"page","link":"https:\/\/www.lapetitegalerie.org\/index.php\/cookies-et-rgpd\/","title":{"rendered":"Cookies et RGPD"},"content":{"rendered":"\t\t<div data-elementor-type=\"wp-page\" data-elementor-id=\"306\" class=\"elementor elementor-306\">\n\t\t\t\t<div class=\"elementor-element elementor-element-dee7851 e-flex e-con-boxed e-con e-parent\" data-id=\"dee7851\" data-element_type=\"container\">\n\t\t\t\t\t<div class=\"e-con-inner\">\n\t\t<div class=\"elementor-element elementor-element-086b53d e-con-full elementor-hidden-mobile e-flex e-con e-child\" data-id=\"086b53d\" data-element_type=\"container\" data-settings=\"{&quot;background_background&quot;:&quot;classic&quot;}\">\n\t\t\t\t<\/div>\n\t\t<div class=\"elementor-element elementor-element-9cece32 e-con-full e-flex e-con e-child\" data-id=\"9cece32\" data-element_type=\"container\" data-settings=\"{&quot;background_background&quot;:&quot;classic&quot;}\">\n\t\t\t\t<div class=\"elementor-element elementor-element-858fb33 elementor-widget elementor-widget-text-editor\" data-id=\"858fb33\" data-element_type=\"widget\" data-widget_type=\"text-editor.default\">\n\t\t\t\t<div class=\"elementor-widget-container\">\n\t\t\t\t\t\t\t\t\t<p>\u25a0<br \/>\u25a0<br \/>\u25a0<\/p>\t\t\t\t\t\t\t\t<\/div>\n\t\t\t\t<\/div>\n\t\t\t\t<div class=\"elementor-element elementor-element-5bc1b56 elementor-widget elementor-widget-spacer\" data-id=\"5bc1b56\" data-element_type=\"widget\" data-widget_type=\"spacer.default\">\n\t\t\t\t<div class=\"elementor-widget-container\">\n\t\t\t\t\t\t\t<div class=\"elementor-spacer\">\n\t\t\t<div class=\"elementor-spacer-inner\"><\/div>\n\t\t<\/div>\n\t\t\t\t\t\t<\/div>\n\t\t\t\t<\/div>\n\t\t<div class=\"elementor-element elementor-element-ad20122 e-con-full e-flex e-con e-child\" data-id=\"ad20122\" data-element_type=\"container\">\n\t\t<div class=\"elementor-element elementor-element-3bea149 e-con-full e-flex e-con e-child\" data-id=\"3bea149\" data-element_type=\"container\">\n\t\t\t\t<div class=\"elementor-element elementor-element-4f76633 elementor-widget elementor-widget-heading\" data-id=\"4f76633\" data-element_type=\"widget\" data-widget_type=\"heading.default\">\n\t\t\t\t<div class=\"elementor-widget-container\">\n\t\t\t\t\t<h2 class=\"elementor-heading-title elementor-size-default\">Cookies et RGPD<\/h2>\t\t\t\t<\/div>\n\t\t\t\t<\/div>\n\t\t\t\t<\/div>\n\t\t<div class=\"elementor-element elementor-element-6993a11 e-con-full e-flex e-con e-child\" data-id=\"6993a11\" data-element_type=\"container\">\n\t\t\t\t<div class=\"elementor-element elementor-element-771982d elementor-widget elementor-widget-image\" data-id=\"771982d\" data-element_type=\"widget\" data-widget_type=\"image.default\">\n\t\t\t\t<div class=\"elementor-widget-container\">\n\t\t\t\t\t\t\t\t\t\t\t\t\t\t\t<img loading=\"lazy\" decoding=\"async\" width=\"150\" height=\"150\" src=\"https:\/\/www.lapetitegalerie.org\/wp-content\/uploads\/2025\/02\/cookies-300px-tr-150x150.webp\" class=\"attachment-thumbnail size-thumbnail wp-image-310\" alt=\"\" srcset=\"https:\/\/www.lapetitegalerie.org\/wp-content\/uploads\/2025\/02\/cookies-300px-tr-150x150.webp 150w, https:\/\/www.lapetitegalerie.org\/wp-content\/uploads\/2025\/02\/cookies-300px-tr.webp 300w\" sizes=\"auto, (max-width: 150px) 100vw, 150px\" \/>\t\t\t\t\t\t\t\t\t\t\t\t\t\t\t<\/div>\n\t\t\t\t<\/div>\n\t\t\t\t<\/div>\n\t\t\t\t<\/div>\n\t\t\t\t<div class=\"elementor-element elementor-element-234bece elementor-widget elementor-widget-text-editor\" data-id=\"234bece\" data-element_type=\"widget\" data-widget_type=\"text-editor.default\">\n\t\t\t\t<div class=\"elementor-widget-container\">\n\t\t\t\t\t\t\t\t\tQu&rsquo;est-ce qu&rsquo;un cookie ?\t\t\t\t\t\t\t\t<\/div>\n\t\t\t\t<\/div>\n\t\t\t\t<div class=\"elementor-element elementor-element-6b9f6e1 elementor-widget elementor-widget-text-editor\" data-id=\"6b9f6e1\" data-element_type=\"widget\" data-widget_type=\"text-editor.default\">\n\t\t\t\t<div class=\"elementor-widget-container\">\n\t\t\t\t\t\t\t\t\t<p data-start=\"564\" data-end=\"811\">Un cookie est un petit fichier texte d\u00e9pos\u00e9 sur votre appareil (ordinateur, smartphone, tablette) lorsque vous visitez un site web. Il permet au site de stocker des informations sur votre navigation afin d&rsquo;am\u00e9liorer votre exp\u00e9rience utilisateur.<\/p>\t\t\t\t\t\t\t\t<\/div>\n\t\t\t\t<\/div>\n\t\t\t\t<div class=\"elementor-element elementor-element-cb2de30 elementor-widget-divider--view-line elementor-widget elementor-widget-divider\" data-id=\"cb2de30\" data-element_type=\"widget\" data-widget_type=\"divider.default\">\n\t\t\t\t<div class=\"elementor-widget-container\">\n\t\t\t\t\t\t\t<div class=\"elementor-divider\">\n\t\t\t<span class=\"elementor-divider-separator\">\n\t\t\t\t\t\t<\/span>\n\t\t<\/div>\n\t\t\t\t\t\t<\/div>\n\t\t\t\t<\/div>\n\t\t\t\t<\/div>\n\t\t\t\t\t<\/div>\n\t\t\t\t<\/div>\n\t\t<div class=\"elementor-element elementor-element-35ec686 e-flex e-con-boxed e-con e-parent\" data-id=\"35ec686\" data-element_type=\"container\">\n\t\t\t\t\t<div class=\"e-con-inner\">\n\t\t<div class=\"elementor-element elementor-element-be56c67 e-con-full e-flex e-con e-child\" data-id=\"be56c67\" data-element_type=\"container\" data-settings=\"{&quot;background_background&quot;:&quot;classic&quot;}\">\n\t\t\t\t<div class=\"elementor-element elementor-element-b4eeb30 elementor-widget elementor-widget-text-editor\" data-id=\"b4eeb30\" data-element_type=\"widget\" data-widget_type=\"text-editor.default\">\n\t\t\t\t<div class=\"elementor-widget-container\">\n\t\t\t\t\t\t\t\t\tQuels types de cookies utilisons-nous ?\t\t\t\t\t\t\t\t<\/div>\n\t\t\t\t<\/div>\n\t\t\t\t<div class=\"elementor-element elementor-element-6b5a92e elementor-widget elementor-widget-text-editor\" data-id=\"6b5a92e\" data-element_type=\"widget\" data-widget_type=\"text-editor.default\">\n\t\t\t\t<div class=\"elementor-widget-container\">\n\t\t\t\t\t\t\t\t\t<p data-start=\"871\" data-end=\"925\">Nous utilisons les cookies suivants sur notre site :<\/p><h3 data-start=\"927\" data-end=\"968\"><strong data-start=\"931\" data-end=\"966\">Cookies strictement n\u00e9cessaires<\/strong><\/h3><p data-start=\"969\" data-end=\"1225\">Ces cookies sont essentiels au bon fonctionnement du site et ne peuvent pas \u00eatre d\u00e9sactiv\u00e9s. Ils sont g\u00e9n\u00e9ralement d\u00e9finis en r\u00e9ponse \u00e0 des actions que vous effectuez, comme la gestion de vos pr\u00e9f\u00e9rences de confidentialit\u00e9 ou la connexion \u00e0 votre compte.<\/p><p data-start=\"1227\" data-end=\"1238\">Exemple :<\/p><ul data-start=\"1239\" data-end=\"1321\"><li data-start=\"1239\" data-end=\"1271\">Cookies de session WordPress<\/li><li data-start=\"1272\" data-end=\"1321\">Cookies de gestion des pr\u00e9f\u00e9rences de cookies<\/li><\/ul><h3 data-start=\"1323\" data-end=\"1393\"><strong data-start=\"1327\" data-end=\"1391\">Cookies de mesure d\u2019audience (Matomo en mode RGPD-compliant)<\/strong><\/h3><p data-start=\"1394\" data-end=\"1518\">Nous utilisons <strong data-start=\"1409\" data-end=\"1419\">Matomo<\/strong>, une solution d&rsquo;analyse web open-source, configur\u00e9e en mode compatible RGPD. Cela signifie que :<\/p><ul data-start=\"1519\" data-end=\"1779\"><li data-start=\"1519\" data-end=\"1608\">Les donn\u00e9es sont anonymis\u00e9es et ne permettent pas de vous identifier personnellement.<\/li><li data-start=\"1609\" data-end=\"1686\">Elles sont stock\u00e9es sur nos propres serveurs, sans transfert \u00e0 des tiers.<\/li><li data-start=\"1687\" data-end=\"1779\">Vous pouvez vous opposer \u00e0 leur utilisation.<\/li><\/ul><h3 data-start=\"1854\" data-end=\"1903\"><strong data-start=\"1858\" data-end=\"1882\">Cookies fonctionnels<\/strong><\/h3><p data-start=\"1904\" data-end=\"2082\">Ces cookies permettent d\u2019am\u00e9liorer les fonctionnalit\u00e9s et l\u2019exp\u00e9rience utilisateur du site. Ils peuvent \u00eatre activ\u00e9s par nous ou par des services tiers que nous avons int\u00e9gr\u00e9s.<\/p>\t\t\t\t\t\t\t\t<\/div>\n\t\t\t\t<\/div>\n\t\t\t\t<\/div>\n\t\t\t\t\t<\/div>\n\t\t\t\t<\/div>\n\t\t<div class=\"elementor-element elementor-element-6e4faa7 e-flex e-con-boxed e-con e-parent\" data-id=\"6e4faa7\" data-element_type=\"container\">\n\t\t\t\t\t<div class=\"e-con-inner\">\n\t\t<div class=\"elementor-element elementor-element-aadd16e e-con-full e-flex e-con e-child\" data-id=\"aadd16e\" data-element_type=\"container\">\n\t\t\t\t<div class=\"elementor-element elementor-element-585b19e elementor-widget elementor-widget-text-editor\" data-id=\"585b19e\" data-element_type=\"widget\" data-widget_type=\"text-editor.default\">\n\t\t\t\t<div class=\"elementor-widget-container\">\n\t\t\t\t\t\t\t\t\t<p><code><p id=\"matomo_opted_out_intro\" style=\"display:none;\">Opt-out complete; your visits to this website will not be recorded by the Web Analytics tool. Note that if you clear your cookies, delete the opt-out cookie, or if you change computers or Web browsers, you will need to perform the opt-out procedure again.<\/p><p id=\"matomo_opted_in_intro\" >You may choose to prevent this website from aggregating and analyzing the actions you take here. Doing so will protect your privacy, but will also prevent the owner from learning from your actions and creating a better experience for you and other users.<\/p><form>\n        <input type=\"checkbox\" id=\"matomo_optout_checkbox\" checked=\"checked\"\/>\n        <label for=\"matomo_optout_checkbox\"><strong>\n        <span id=\"matomo_opted_in_label\" >You are not opted out. Uncheck this box to opt-out.<\/span>\n\t\t<span id=\"matomo_opted_out_label\" style=\"display:none;\">You are currently opted out. Check this box to opt-in.<\/span>\n        <\/strong><\/label><\/form><noscript><p><strong style=\"color: #ff0000;\">This opt out feature requires JavaScript.<\/strong><\/p><\/noscript><p id=\"matomo_outout_err_cookies\" style=\"display: none;\"><strong>The tracking opt-out feature requires cookies to be enabled.<\/strong><\/p><\/code><\/p>\t\t\t\t\t\t\t\t<\/div>\n\t\t\t\t<\/div>\n\t\t\t\t<\/div>\n\t\t\t\t\t<\/div>\n\t\t\t\t<\/div>\n\t\t\t\t<\/div>\n\t\t","protected":false},"excerpt":{"rendered":"<p>\u25a0\u25a0\u25a0 Cookies et RGPD Qu&rsquo;est-ce qu&rsquo;un cookie ? Un cookie est un petit fichier texte d\u00e9pos\u00e9 sur votre appareil (ordinateur, smartphone, tablette) lorsque vous visitez un site web. Il permet au site de stocker des informations sur votre navigation afin d&rsquo;am\u00e9liorer votre exp\u00e9rience utilisateur. Quels types de cookies utilisons-nous ? Nous utilisons les cookies suivants [&hellip;]<\/p>\n","protected":false},"author":1,"featured_media":0,"parent":0,"menu_order":0,"comment_status":"closed","ping_status":"closed","template":"elementor_header_footer","meta":{"footnotes":""},"class_list":["post-306","page","type-page","status-publish","hentry","entry"],"_links":{"self":[{"href":"https:\/\/www.lapetitegalerie.org\/index.php\/wp-json\/wp\/v2\/pages\/306","targetHints":{"allow":["GET"]}}],"collection":[{"href":"https:\/\/www.lapetitegalerie.org\/index.php\/wp-json\/wp\/v2\/pages"}],"about":[{"href":"https:\/\/www.lapetitegalerie.org\/index.php\/wp-json\/wp\/v2\/types\/page"}],"author":[{"embeddable":true,"href":"https:\/\/www.lapetitegalerie.org\/index.php\/wp-json\/wp\/v2\/users\/1"}],"replies":[{"embeddable":true,"href":"https:\/\/www.lapetitegalerie.org\/index.php\/wp-json\/wp\/v2\/comments?post=306"}],"version-history":[{"count":10,"href":"https:\/\/www.lapetitegalerie.org\/index.php\/wp-json\/wp\/v2\/pages\/306\/revisions"}],"predecessor-version":[{"id":338,"href":"https:\/\/www.lapetitegalerie.org\/index.php\/wp-json\/wp\/v2\/pages\/306\/revisions\/338"}],"wp:attachment":[{"href":"https:\/\/www.lapetitegalerie.org\/index.php\/wp-json\/wp\/v2\/media?parent=306"}],"curies":[{"name":"wp","href":"https:\/\/api.w.org\/{rel}","templated":true}]}}