{"id":297,"date":"2025-02-19T10:21:16","date_gmt":"2025-02-19T09:21:16","guid":{"rendered":"https:\/\/www.lapetitegalerie.org\/?page_id=297"},"modified":"2025-02-19T11:40:54","modified_gmt":"2025-02-19T10:40:54","slug":"mentions-legales","status":"publish","type":"page","link":"https:\/\/www.lapetitegalerie.org\/index.php\/mentions-legales\/","title":{"rendered":"Mentions l\u00e9gales"},"content":{"rendered":"\t\t<div data-elementor-type=\"wp-page\" data-elementor-id=\"297\" class=\"elementor elementor-297\">\n\t\t\t\t<div class=\"elementor-element elementor-element-8dcee13 e-flex e-con-boxed e-con e-parent\" data-id=\"8dcee13\" data-element_type=\"container\">\n\t\t\t\t\t<div class=\"e-con-inner\">\n\t\t\t\t<div class=\"elementor-element elementor-element-26812bb elementor-widget elementor-widget-spacer\" data-id=\"26812bb\" data-element_type=\"widget\" data-widget_type=\"spacer.default\">\n\t\t\t\t<div class=\"elementor-widget-container\">\n\t\t\t\t\t\t\t<div class=\"elementor-spacer\">\n\t\t\t<div class=\"elementor-spacer-inner\"><\/div>\n\t\t<\/div>\n\t\t\t\t\t\t<\/div>\n\t\t\t\t<\/div>\n\t\t\t\t\t<\/div>\n\t\t\t\t<\/div>\n\t\t<div class=\"elementor-element elementor-element-51a6728 e-flex e-con-boxed e-con e-parent\" data-id=\"51a6728\" data-element_type=\"container\">\n\t\t\t\t\t<div class=\"e-con-inner\">\n\t\t<div class=\"elementor-element elementor-element-5cd4fa0 e-con-full elementor-hidden-mobile e-flex e-con e-child\" data-id=\"5cd4fa0\" data-element_type=\"container\">\n\t\t\t\t<\/div>\n\t\t<div class=\"elementor-element elementor-element-c0d67a5 e-con-full e-flex e-con e-child\" data-id=\"c0d67a5\" data-element_type=\"container\" data-settings=\"{&quot;background_background&quot;:&quot;classic&quot;}\">\n\t\t\t\t<div class=\"elementor-element elementor-element-e5829e1 elementor-widget elementor-widget-text-editor\" data-id=\"e5829e1\" data-element_type=\"widget\" data-widget_type=\"text-editor.default\">\n\t\t\t\t<div class=\"elementor-widget-container\">\n\t\t\t\t\t\t\t\t\t<p>\u25a0<br \/>\u25a0<br \/>\u25a0<\/p>\t\t\t\t\t\t\t\t<\/div>\n\t\t\t\t<\/div>\n\t\t\t\t<div class=\"elementor-element elementor-element-f80a6e6 elementor-widget elementor-widget-spacer\" data-id=\"f80a6e6\" data-element_type=\"widget\" data-widget_type=\"spacer.default\">\n\t\t\t\t<div class=\"elementor-widget-container\">\n\t\t\t\t\t\t\t<div class=\"elementor-spacer\">\n\t\t\t<div class=\"elementor-spacer-inner\"><\/div>\n\t\t<\/div>\n\t\t\t\t\t\t<\/div>\n\t\t\t\t<\/div>\n\t\t\t\t<div class=\"elementor-element elementor-element-a1ea5be elementor-widget elementor-widget-heading\" data-id=\"a1ea5be\" data-element_type=\"widget\" data-widget_type=\"heading.default\">\n\t\t\t\t<div class=\"elementor-widget-container\">\n\t\t\t\t\t<h2 class=\"elementor-heading-title elementor-size-default\">Mentions l\u00e9gales<\/h2>\t\t\t\t<\/div>\n\t\t\t\t<\/div>\n\t\t\t\t<div class=\"elementor-element elementor-element-f71f3d9 elementor-widget elementor-widget-text-editor\" data-id=\"f71f3d9\" data-element_type=\"widget\" data-widget_type=\"text-editor.default\">\n\t\t\t\t<div class=\"elementor-widget-container\">\n\t\t\t\t\t\t\t\t\t<p>La Petite Galerie<\/p>\t\t\t\t\t\t\t\t<\/div>\n\t\t\t\t<\/div>\n\t\t\t\t<div class=\"elementor-element elementor-element-611fd1d elementor-widget elementor-widget-text-editor\" data-id=\"611fd1d\" data-element_type=\"widget\" data-widget_type=\"text-editor.default\">\n\t\t\t\t<div class=\"elementor-widget-container\">\n\t\t\t\t\t\t\t\t\t<p>D\u00e9nomimation : LA PETITE GALERIE<\/p><p>Association cr\u00e9\u00e9e le 05 d\u00e9cembre 2023.<\/p><p>Si\u00e8ge social : 6 RUE DE RUSSIE 08700 NOUZONVILLE<\/p><p>SIRET : 987 366 044 00012<br \/>TVA intracom : FR26987366044<\/p>\t\t\t\t\t\t\t\t<\/div>\n\t\t\t\t<\/div>\n\t\t\t\t<div class=\"elementor-element elementor-element-8de7f38 elementor-widget-divider--view-line elementor-widget elementor-widget-divider\" data-id=\"8de7f38\" data-element_type=\"widget\" data-widget_type=\"divider.default\">\n\t\t\t\t<div class=\"elementor-widget-container\">\n\t\t\t\t\t\t\t<div class=\"elementor-divider\">\n\t\t\t<span class=\"elementor-divider-separator\">\n\t\t\t\t\t\t<\/span>\n\t\t<\/div>\n\t\t\t\t\t\t<\/div>\n\t\t\t\t<\/div>\n\t\t\t\t<div class=\"elementor-element elementor-element-e41fadd elementor-widget elementor-widget-text-editor\" data-id=\"e41fadd\" data-element_type=\"widget\" data-widget_type=\"text-editor.default\">\n\t\t\t\t<div class=\"elementor-widget-container\">\n\t\t\t\t\t\t\t\t\t<p>Site heberg\u00e9 chez OVH, 2 rue Kellermann, 59100 Roubaix.<\/p><p>Responsable de publication : Philom\u00e8ne BARTELT.<\/p><p>Contact : contact@lapetitegalerie.org<\/p>\t\t\t\t\t\t\t\t<\/div>\n\t\t\t\t<\/div>\n\t\t\t\t<\/div>\n\t\t\t\t\t<\/div>\n\t\t\t\t<\/div>\n\t\t<div class=\"elementor-element elementor-element-8e721f5 e-flex e-con-boxed e-con e-parent\" data-id=\"8e721f5\" data-element_type=\"container\">\n\t\t\t\t\t<div class=\"e-con-inner\">\n\t\t\t\t<div class=\"elementor-element elementor-element-e630de4 elementor-widget elementor-widget-spacer\" data-id=\"e630de4\" data-element_type=\"widget\" data-widget_type=\"spacer.default\">\n\t\t\t\t<div class=\"elementor-widget-container\">\n\t\t\t\t\t\t\t<div class=\"elementor-spacer\">\n\t\t\t<div class=\"elementor-spacer-inner\"><\/div>\n\t\t<\/div>\n\t\t\t\t\t\t<\/div>\n\t\t\t\t<\/div>\n\t\t\t\t\t<\/div>\n\t\t\t\t<\/div>\n\t\t\t\t<\/div>\n\t\t","protected":false},"excerpt":{"rendered":"<p>\u25a0\u25a0\u25a0 Mentions l\u00e9gales La Petite Galerie D\u00e9nomimation : LA PETITE GALERIE Association cr\u00e9\u00e9e le 05 d\u00e9cembre 2023. Si\u00e8ge social : 6 RUE DE RUSSIE 08700 NOUZONVILLE SIRET : 987 366 044 00012TVA intracom : FR26987366044 Site heberg\u00e9 chez OVH, 2 rue Kellermann, 59100 Roubaix. Responsable de publication : Philom\u00e8ne BARTELT. Contact : contact@lapetitegalerie.org<\/p>\n","protected":false},"author":1,"featured_media":0,"parent":0,"menu_order":0,"comment_status":"closed","ping_status":"closed","template":"elementor_header_footer","meta":{"footnotes":""},"class_list":["post-297","page","type-page","status-publish","hentry","entry"],"_links":{"self":[{"href":"https:\/\/www.lapetitegalerie.org\/index.php\/wp-json\/wp\/v2\/pages\/297","targetHints":{"allow":["GET"]}}],"collection":[{"href":"https:\/\/www.lapetitegalerie.org\/index.php\/wp-json\/wp\/v2\/pages"}],"about":[{"href":"https:\/\/www.lapetitegalerie.org\/index.php\/wp-json\/wp\/v2\/types\/page"}],"author":[{"embeddable":true,"href":"https:\/\/www.lapetitegalerie.org\/index.php\/wp-json\/wp\/v2\/users\/1"}],"replies":[{"embeddable":true,"href":"https:\/\/www.lapetitegalerie.org\/index.php\/wp-json\/wp\/v2\/comments?post=297"}],"version-history":[{"count":10,"href":"https:\/\/www.lapetitegalerie.org\/index.php\/wp-json\/wp\/v2\/pages\/297\/revisions"}],"predecessor-version":[{"id":335,"href":"https:\/\/www.lapetitegalerie.org\/index.php\/wp-json\/wp\/v2\/pages\/297\/revisions\/335"}],"wp:attachment":[{"href":"https:\/\/www.lapetitegalerie.org\/index.php\/wp-json\/wp\/v2\/media?parent=297"}],"curies":[{"name":"wp","href":"https:\/\/api.w.org\/{rel}","templated":true}]}}